{"id":14,"date":"2025-04-10T18:03:37","date_gmt":"2025-04-10T16:03:37","guid":{"rendered":"https:\/\/zeitpflege.com\/web\/?page_id=14"},"modified":"2025-04-17T02:48:45","modified_gmt":"2025-04-17T00:48:45","slug":"datenschutz","status":"publish","type":"page","link":"https:\/\/zeitpflege.com\/?page_id=14","title":{"rendered":"Datenschutz"},"content":{"rendered":"\n<p class=\"has-theme-palette-3-color has-text-color has-link-color has-large-font-size wp-elements-2f5e032a5dc73d8c37c688e270bdc2d2\" style=\"padding-right:20px;padding-left:20px\"><strong>Datenschutzerkl\u00e4rung<\/strong><\/p>\n\n\n\n<p class=\"has-theme-palette-3-color has-text-color has-link-color has-small-font-size wp-elements-eb7e901b5ccdf02869905b66ec9caafd\" style=\"padding-right:20px;padding-left:20px\"><em>Stand: April 2025<\/em><\/p>\n\n\n\n<p class=\"has-theme-palette-3-color has-text-color has-link-color has-large-font-size wp-elements-5141e355638fb19ed2ae13b09d2b0b83\" style=\"padding-right:20px;padding-left:20px\"><strong>1. Allgemeine Hinweise<\/strong><\/p>\n\n\n\n<p class=\"has-theme-palette-3-color has-text-color has-link-color has-medium-font-size wp-elements-e371aca7d5cc33364beb9e5d0a757795\" style=\"padding-right:20px;padding-left:20px\">Der Schutz Ihrer pers\u00f6nlichen Daten ist uns wichtig. Personenbezogene Daten sind Daten, mit denen Sie pers\u00f6nlich identifiziert werden k\u00f6nnen. Die folgenden Hinweise geben einen \u00dcberblick dar\u00fcber, was mit Ihren Daten passiert, wenn Sie unsere Website besuchen.<\/p>\n\n\n\n<p class=\"has-theme-palette-3-color has-text-color has-link-color has-large-font-size wp-elements-ad8db6729ca52e1ffabde1706f1b7de3\" style=\"padding-right:20px;padding-left:20px\"><strong>Verantwortliche Stelle:<\/strong><\/p>\n\n\n\n<p class=\"has-theme-palette-3-color has-text-color has-link-color has-medium-font-size wp-elements-8d4159a0416655859f0d6bf0aa648c18\" style=\"padding-right:20px;padding-left:20px\">Katharina Ecker \u2013 ZEITPFLEGE<br>Fritz-Reuter-Stra\u00dfe 3<br>67227 Frankenthal<br>Deutschland<\/p>\n\n\n\n<p class=\"has-theme-palette-3-color has-text-color has-link-color has-medium-font-size wp-elements-2a8eaec23208e547d652768f72e7b72d\" style=\"padding-right:20px;padding-left:20px\">E-Mail: kontakt@zeitpflege.com<\/p>\n\n\n\n<p class=\"has-theme-palette-3-color has-text-color has-link-color has-large-font-size wp-elements-6967402ea4da253e715ff1e2dda32d71\" style=\"padding-right:20px;padding-left:20px\"><strong>2. Datenerfassung auf dieser Website<\/strong><\/p>\n\n\n\n<p class=\"has-theme-palette-3-color has-text-color has-link-color wp-elements-d6f0d7afd344604e357aaafae4c8cd11\" style=\"padding-right:20px;padding-left:20px\">a) Server-Log-Dateien<\/p>\n\n\n\n<p class=\"has-theme-palette-3-color has-text-color has-link-color wp-elements-b3ff530d31b836a9d15c201a062d7615\" style=\"padding-right:20px;padding-left:20px\">Beim Besuch dieser Website werden automatisch Informationen durch den Provider erfasst und in sogenannten Server-Log-Dateien gespeichert. Diese beinhalten z.\u202fB.:<\/p>\n\n\n\n<ul class=\"wp-block-list has-theme-palette-3-color has-text-color has-link-color wp-elements-29ba3b5f0c7bef9c23373e2790673d9b\">\n<li>Browsertyp und Browserversion<\/li>\n\n\n\n<li>verwendetes Betriebssystem<\/li>\n\n\n\n<li>Referrer URL (die vorher besuchte Seite)<\/li>\n\n\n\n<li>IP-Adresse (anonymisiert)<\/li>\n<\/ul>\n\n\n\n<p class=\"has-theme-palette-3-color has-text-color has-link-color wp-elements-5449ccc5a9932f54723000cadaacde57\" style=\"padding-right:20px;padding-left:20px\">Diese Daten sind nicht bestimmten Personen zuordenbar und werden nicht mit anderen Datenquellen zusammengef\u00fchrt. Sie dienen ausschlie\u00dflich der Gew\u00e4hrleistung eines st\u00f6rungsfreien Betriebs und der Systemsicherheit.<\/p>\n\n\n\n<p class=\"has-theme-palette-3-color has-text-color has-link-color wp-elements-ec22ea772a4c9850710ca4ac0e61a4dd\" style=\"padding-right:20px;padding-left:20px\">b) Kontaktformular<\/p>\n\n\n\n<p class=\"has-theme-palette-3-color has-text-color has-link-color wp-elements-8af2854a7564addfc66e744d8cf14be2\" style=\"padding-right:20px;padding-left:20px\">Wenn Sie uns per Kontaktformular Anfragen zukommen lassen, werden Ihre Angaben aus dem Formular zwecks Bearbeitung der Anfrage gespeichert. Diese Daten geben wir nicht ohne Ihre Einwilligung weiter.<\/p>\n\n\n\n<p class=\"has-theme-palette-3-color has-text-color has-link-color has-large-font-size wp-elements-fb77e5cdb6a1caaed616ed8ea659dafa\" style=\"padding-right:20px;padding-left:20px\"><strong>3. Ihre Rechte laut DSGVO<\/strong><\/p>\n\n\n\n<p class=\"has-theme-palette-3-color has-text-color has-link-color has-medium-font-size wp-elements-8b85b8901bcd2b5fa282a24408e9eb63\" style=\"padding-right:20px;padding-left:20px\">Sie haben das Recht:<\/p>\n\n\n\n<ul style=\"padding-right:20px;padding-left:20px\" class=\"wp-block-list has-theme-palette-3-color has-text-color has-link-color has-medium-font-size wp-elements-8975a6407766b62168afe7049f1611e3\">\n<li class=\"has-medium-font-size\">auf Auskunft \u00fcber Ihre gespeicherten Daten (Art.\u202f15 DSGVO)<\/li>\n\n\n\n<li class=\"has-medium-font-size\">auf Berichtigung unrichtiger Daten (Art.\u202f16 DSGVO)<\/li>\n\n\n\n<li class=\"has-medium-font-size\">auf L\u00f6schung Ihrer Daten (Art.\u202f17 DSGVO), sofern keine gesetzlichen Aufbewahrungspflichten bestehen<\/li>\n\n\n\n<li class=\"has-medium-font-size\">auf Einschr\u00e4nkung der Verarbeitung (Art.\u202f18 DSGVO)<\/li>\n\n\n\n<li class=\"has-medium-font-size\">auf Widerspruch gegen die Verarbeitung (Art.\u202f21 DSGVO)<\/li>\n<\/ul>\n\n\n\n<p class=\"has-theme-palette-3-color has-text-color has-link-color has-medium-font-size wp-elements-a0ed4fc9c38c8b10838193b4772ad75d\" style=\"padding-right:20px;padding-left:20px\">Bei Fragen oder zur Aus\u00fcbung Ihrer Rechte wenden Sie sich bitte per E-Mail an: kontakt@zeitpflege.com<\/p>\n\n\n\n<p class=\"has-theme-palette-3-color has-text-color has-link-color has-large-font-size wp-elements-2963ca2ba9cc06baa310741405bc51e6\" style=\"padding-right:20px;padding-left:20px\"><strong>4. \u00c4nderungen dieser Datenschutzerkl\u00e4rung<\/strong><\/p>\n\n\n\n<p class=\"has-theme-palette-3-color has-text-color has-link-color has-medium-font-size wp-elements-5f19e517030e32d32c0c7560d1c4d25a\" style=\"padding-right:20px;padding-left:20px\">Wir behalten uns vor, diese Datenschutzerkl\u00e4rung bei Bedarf anzupassen, um sie an aktuelle rechtliche Anforderungen oder \u00c4nderungen unserer Angebote anzupassen.<\/p>\n\n\n\n<p><\/p>\n","protected":false},"excerpt":{"rendered":"<p>Datenschutzerkl\u00e4rung Stand: April 2025 1. Allgemeine Hinweise Der Schutz Ihrer pers\u00f6nlichen Daten ist uns wichtig. Personenbezogene Daten sind Daten, mit denen Sie pers\u00f6nlich identifiziert werden k\u00f6nnen. Die folgenden Hinweise geben einen \u00dcberblick dar\u00fcber, was mit Ihren Daten passiert, wenn Sie unsere Website besuchen. Verantwortliche Stelle: Katharina Ecker \u2013 ZEITPFLEGEFritz-Reuter-Stra\u00dfe 367227 FrankenthalDeutschland E-Mail: kontakt@zeitpflege.com 2. Datenerfassung&#8230;<\/p>\n","protected":false},"author":1,"featured_media":0,"parent":0,"menu_order":0,"comment_status":"closed","ping_status":"closed","template":"","meta":{"_kad_post_transparent":"","_kad_post_title":"","_kad_post_layout":"","_kad_post_sidebar_id":"","_kad_post_content_style":"","_kad_post_vertical_padding":"","_kad_post_feature":"","_kad_post_feature_position":"","_kad_post_header":false,"_kad_post_footer":false,"footnotes":""},"class_list":["post-14","page","type-page","status-publish","hentry"],"yoast_head":"<!-- This site is optimized with the Yoast SEO plugin v25.1 - https:\/\/yoast.com\/wordpress\/plugins\/seo\/ -->\n<title>Datenschutz - zeitpflege.com<\/title>\n<meta name=\"robots\" content=\"index, follow, max-snippet:-1, max-image-preview:large, max-video-preview:-1\" \/>\n<link rel=\"canonical\" href=\"https:\/\/zeitpflege.com\/?page_id=14\" \/>\n<meta property=\"og:locale\" content=\"de_DE\" \/>\n<meta property=\"og:type\" content=\"article\" \/>\n<meta property=\"og:title\" content=\"Datenschutz - zeitpflege.com\" \/>\n<meta property=\"og:description\" content=\"Datenschutzerkl\u00e4rung Stand: April 2025 1. Allgemeine Hinweise Der Schutz Ihrer pers\u00f6nlichen Daten ist uns wichtig. Personenbezogene Daten sind Daten, mit denen Sie pers\u00f6nlich identifiziert werden k\u00f6nnen. Die folgenden Hinweise geben einen \u00dcberblick dar\u00fcber, was mit Ihren Daten passiert, wenn Sie unsere Website besuchen. Verantwortliche Stelle: Katharina Ecker \u2013 ZEITPFLEGEFritz-Reuter-Stra\u00dfe 367227 FrankenthalDeutschland E-Mail: kontakt@zeitpflege.com 2. Datenerfassung...\" \/>\n<meta property=\"og:url\" content=\"https:\/\/zeitpflege.com\/?page_id=14\" \/>\n<meta property=\"og:site_name\" content=\"zeitpflege.com\" \/>\n<meta property=\"article:publisher\" content=\"https:\/\/www.facebook.com\/profile.php?id=61572543213609&amp;locale=de_DE\" \/>\n<meta property=\"article:modified_time\" content=\"2025-04-17T00:48:45+00:00\" \/>\n<meta name=\"twitter:card\" content=\"summary_large_image\" \/>\n<meta name=\"twitter:label1\" content=\"Gesch\u00e4tzte Lesezeit\" \/>\n\t<meta name=\"twitter:data1\" content=\"1\u00a0Minute\" \/>\n<script type=\"application\/ld+json\" class=\"yoast-schema-graph\">{\"@context\":\"https:\/\/schema.org\",\"@graph\":[{\"@type\":\"WebPage\",\"@id\":\"https:\/\/zeitpflege.com\/?page_id=14\",\"url\":\"https:\/\/zeitpflege.com\/?page_id=14\",\"name\":\"Datenschutz - zeitpflege.com\",\"isPartOf\":{\"@id\":\"https:\/\/zeitpflege.com\/#website\"},\"datePublished\":\"2025-04-10T16:03:37+00:00\",\"dateModified\":\"2025-04-17T00:48:45+00:00\",\"breadcrumb\":{\"@id\":\"https:\/\/zeitpflege.com\/?page_id=14#breadcrumb\"},\"inLanguage\":\"de\",\"potentialAction\":[{\"@type\":\"ReadAction\",\"target\":[\"https:\/\/zeitpflege.com\/?page_id=14\"]}]},{\"@type\":\"BreadcrumbList\",\"@id\":\"https:\/\/zeitpflege.com\/?page_id=14#breadcrumb\",\"itemListElement\":[{\"@type\":\"ListItem\",\"position\":1,\"name\":\"Startseite\",\"item\":\"https:\/\/zeitpflege.com\/\"},{\"@type\":\"ListItem\",\"position\":2,\"name\":\"Datenschutz\"}]},{\"@type\":\"WebSite\",\"@id\":\"https:\/\/zeitpflege.com\/#website\",\"url\":\"https:\/\/zeitpflege.com\/\",\"name\":\"zeitpflege.com\",\"description\":\"\",\"publisher\":{\"@id\":\"https:\/\/zeitpflege.com\/#organization\"},\"potentialAction\":[{\"@type\":\"SearchAction\",\"target\":{\"@type\":\"EntryPoint\",\"urlTemplate\":\"https:\/\/zeitpflege.com\/?s={search_term_string}\"},\"query-input\":{\"@type\":\"PropertyValueSpecification\",\"valueRequired\":true,\"valueName\":\"search_term_string\"}}],\"inLanguage\":\"de\"},{\"@type\":\"Organization\",\"@id\":\"https:\/\/zeitpflege.com\/#organization\",\"name\":\"ZEITPFLEGE \u2013 Betreuung mit Herz und Verstand\",\"url\":\"https:\/\/zeitpflege.com\/\",\"logo\":{\"@type\":\"ImageObject\",\"inLanguage\":\"de\",\"@id\":\"https:\/\/zeitpflege.com\/#\/schema\/logo\/image\/\",\"url\":\"https:\/\/zeitpflege.com\/wp-content\/uploads\/2025\/04\/cropped-Zeitpflege-Logo-scaled-1.jpg\",\"contentUrl\":\"https:\/\/zeitpflege.com\/wp-content\/uploads\/2025\/04\/cropped-Zeitpflege-Logo-scaled-1.jpg\",\"width\":2559,\"height\":1020,\"caption\":\"ZEITPFLEGE \u2013 Betreuung mit Herz und Verstand\"},\"image\":{\"@id\":\"https:\/\/zeitpflege.com\/#\/schema\/logo\/image\/\"},\"sameAs\":[\"https:\/\/www.facebook.com\/profile.php?id=61572543213609&locale=de_DE\",\"https:\/\/www.instagram.com\/zeit_pflege\/\"]}]}<\/script>\n<!-- \/ Yoast SEO plugin. -->","yoast_head_json":{"title":"Datenschutz - zeitpflege.com","robots":{"index":"index","follow":"follow","max-snippet":"max-snippet:-1","max-image-preview":"max-image-preview:large","max-video-preview":"max-video-preview:-1"},"canonical":"https:\/\/zeitpflege.com\/?page_id=14","og_locale":"de_DE","og_type":"article","og_title":"Datenschutz - zeitpflege.com","og_description":"Datenschutzerkl\u00e4rung Stand: April 2025 1. Allgemeine Hinweise Der Schutz Ihrer pers\u00f6nlichen Daten ist uns wichtig. Personenbezogene Daten sind Daten, mit denen Sie pers\u00f6nlich identifiziert werden k\u00f6nnen. Die folgenden Hinweise geben einen \u00dcberblick dar\u00fcber, was mit Ihren Daten passiert, wenn Sie unsere Website besuchen. Verantwortliche Stelle: Katharina Ecker \u2013 ZEITPFLEGEFritz-Reuter-Stra\u00dfe 367227 FrankenthalDeutschland E-Mail: kontakt@zeitpflege.com 2. Datenerfassung...","og_url":"https:\/\/zeitpflege.com\/?page_id=14","og_site_name":"zeitpflege.com","article_publisher":"https:\/\/www.facebook.com\/profile.php?id=61572543213609&locale=de_DE","article_modified_time":"2025-04-17T00:48:45+00:00","twitter_card":"summary_large_image","twitter_misc":{"Gesch\u00e4tzte Lesezeit":"1\u00a0Minute"},"schema":{"@context":"https:\/\/schema.org","@graph":[{"@type":"WebPage","@id":"https:\/\/zeitpflege.com\/?page_id=14","url":"https:\/\/zeitpflege.com\/?page_id=14","name":"Datenschutz - zeitpflege.com","isPartOf":{"@id":"https:\/\/zeitpflege.com\/#website"},"datePublished":"2025-04-10T16:03:37+00:00","dateModified":"2025-04-17T00:48:45+00:00","breadcrumb":{"@id":"https:\/\/zeitpflege.com\/?page_id=14#breadcrumb"},"inLanguage":"de","potentialAction":[{"@type":"ReadAction","target":["https:\/\/zeitpflege.com\/?page_id=14"]}]},{"@type":"BreadcrumbList","@id":"https:\/\/zeitpflege.com\/?page_id=14#breadcrumb","itemListElement":[{"@type":"ListItem","position":1,"name":"Startseite","item":"https:\/\/zeitpflege.com\/"},{"@type":"ListItem","position":2,"name":"Datenschutz"}]},{"@type":"WebSite","@id":"https:\/\/zeitpflege.com\/#website","url":"https:\/\/zeitpflege.com\/","name":"zeitpflege.com","description":"","publisher":{"@id":"https:\/\/zeitpflege.com\/#organization"},"potentialAction":[{"@type":"SearchAction","target":{"@type":"EntryPoint","urlTemplate":"https:\/\/zeitpflege.com\/?s={search_term_string}"},"query-input":{"@type":"PropertyValueSpecification","valueRequired":true,"valueName":"search_term_string"}}],"inLanguage":"de"},{"@type":"Organization","@id":"https:\/\/zeitpflege.com\/#organization","name":"ZEITPFLEGE \u2013 Betreuung mit Herz und Verstand","url":"https:\/\/zeitpflege.com\/","logo":{"@type":"ImageObject","inLanguage":"de","@id":"https:\/\/zeitpflege.com\/#\/schema\/logo\/image\/","url":"https:\/\/zeitpflege.com\/wp-content\/uploads\/2025\/04\/cropped-Zeitpflege-Logo-scaled-1.jpg","contentUrl":"https:\/\/zeitpflege.com\/wp-content\/uploads\/2025\/04\/cropped-Zeitpflege-Logo-scaled-1.jpg","width":2559,"height":1020,"caption":"ZEITPFLEGE \u2013 Betreuung mit Herz und Verstand"},"image":{"@id":"https:\/\/zeitpflege.com\/#\/schema\/logo\/image\/"},"sameAs":["https:\/\/www.facebook.com\/profile.php?id=61572543213609&locale=de_DE","https:\/\/www.instagram.com\/zeit_pflege\/"]}]}},"_links":{"self":[{"href":"https:\/\/zeitpflege.com\/index.php?rest_route=\/wp\/v2\/pages\/14","targetHints":{"allow":["GET"]}}],"collection":[{"href":"https:\/\/zeitpflege.com\/index.php?rest_route=\/wp\/v2\/pages"}],"about":[{"href":"https:\/\/zeitpflege.com\/index.php?rest_route=\/wp\/v2\/types\/page"}],"author":[{"embeddable":true,"href":"https:\/\/zeitpflege.com\/index.php?rest_route=\/wp\/v2\/users\/1"}],"replies":[{"embeddable":true,"href":"https:\/\/zeitpflege.com\/index.php?rest_route=%2Fwp%2Fv2%2Fcomments&post=14"}],"version-history":[{"count":10,"href":"https:\/\/zeitpflege.com\/index.php?rest_route=\/wp\/v2\/pages\/14\/revisions"}],"predecessor-version":[{"id":312,"href":"https:\/\/zeitpflege.com\/index.php?rest_route=\/wp\/v2\/pages\/14\/revisions\/312"}],"wp:attachment":[{"href":"https:\/\/zeitpflege.com\/index.php?rest_route=%2Fwp%2Fv2%2Fmedia&parent=14"}],"curies":[{"name":"wp","href":"https:\/\/api.w.org\/{rel}","templated":true}]}}