{"id":6,"date":"2025-04-10T18:01:38","date_gmt":"2025-04-10T16:01:38","guid":{"rendered":"https:\/\/zeitpflege.com\/web\/?page_id=6"},"modified":"2025-05-16T23:22:04","modified_gmt":"2025-05-16T21:22:04","slug":"24-stunden-betreuung-zu-hause-zeitpflege-persoenlich-vertrauensvoll-menschlich","status":"publish","type":"page","link":"https:\/\/zeitpflege.com\/","title":{"rendered":"Startseite"},"content":{"rendered":"\n<h1 class=\"wp-block-heading has-text-align-center has-theme-palette-3-color has-text-color has-link-color wp-elements-459838d152e03723c37a4265ad05b841\" style=\"font-size:46px\"><strong>Herzlich willkommen bei ZEITPFLEGE<\/strong><\/h1>\n\n\n\n<p class=\"has-text-align-center has-theme-palette-3-color has-text-color has-link-color has-medium-font-size wp-elements-fec226528d0b7422b9ac3be5a4b50a2e\" style=\"padding-top:40px;padding-right:20px;padding-bottom:40px;padding-left:20px\">                                                                                                                 <strong> Gemeinsam stark im Alltag<\/strong><\/p>\n\n\n<div class=\"wp-block-image\">\n<figure class=\"aligncenter size-large\"><img loading=\"lazy\" decoding=\"async\" width=\"1024\" height=\"390\" src=\"https:\/\/zeitpflege.com\/web\/wp-content\/uploads\/2025\/04\/iStock-Zeitpflege-HAeNDE-1024x390.jpeg\" alt=\"\" class=\"wp-image-185\" srcset=\"https:\/\/zeitpflege.com\/wp-content\/uploads\/2025\/04\/iStock-Zeitpflege-HAeNDE-1024x390.jpeg 1024w, https:\/\/zeitpflege.com\/wp-content\/uploads\/2025\/04\/iStock-Zeitpflege-HAeNDE-300x114.jpeg 300w, https:\/\/zeitpflege.com\/wp-content\/uploads\/2025\/04\/iStock-Zeitpflege-HAeNDE-768x292.jpeg 768w, https:\/\/zeitpflege.com\/wp-content\/uploads\/2025\/04\/iStock-Zeitpflege-HAeNDE-1536x585.jpeg 1536w, https:\/\/zeitpflege.com\/wp-content\/uploads\/2025\/04\/iStock-Zeitpflege-HAeNDE-2048x779.jpeg 2048w\" sizes=\"auto, (max-width: 1024px) 100vw, 1024px\" \/><figcaption class=\"wp-element-caption\"><br><em>\u201eVertrauen beginnt mit einer Ber\u00fchrung.\u201c<\/em><\/figcaption><\/figure>\n<\/div>\n\n\n<p class=\"has-text-align-center has-theme-palette-3-color has-text-color has-link-color has-medium-font-size wp-elements-56d25b43d7771eb2a91ce76f80da1439\" style=\"margin-top:-20px;margin-right:40px;margin-bottom:-20px;margin-left:40px;padding-top:40px;padding-right:40px;padding-bottom:100px;padding-left:40px;line-height:1.6\">Pflege braucht Zeit und Vertrauen. Wir vermitteln erfahrene, einf\u00fchlsame Pflegekr\u00e4fte aus Polen f\u00fcr die h\u00e4usliche Betreuung: zuverl\u00e4ssig, menschlich und individuell.<\/p>\n\n\n<div class=\"wp-block-image\">\n<figure class=\"aligncenter size-large\" style=\"margin-bottom:-20px\"><img loading=\"lazy\" decoding=\"async\" width=\"1024\" height=\"690\" src=\"https:\/\/zeitpflege.com\/web\/wp-content\/uploads\/2025\/04\/iStock-Junge-pflegekkraft-1024x690.jpeg\" alt=\"\" class=\"wp-image-191\" style=\"aspect-ratio:16\/9;object-fit:cover\" srcset=\"https:\/\/zeitpflege.com\/wp-content\/uploads\/2025\/04\/iStock-Junge-pflegekkraft-1024x690.jpeg 1024w, https:\/\/zeitpflege.com\/wp-content\/uploads\/2025\/04\/iStock-Junge-pflegekkraft-300x202.jpeg 300w, https:\/\/zeitpflege.com\/wp-content\/uploads\/2025\/04\/iStock-Junge-pflegekkraft-768x517.jpeg 768w, https:\/\/zeitpflege.com\/wp-content\/uploads\/2025\/04\/iStock-Junge-pflegekkraft-1536x1034.jpeg 1536w, https:\/\/zeitpflege.com\/wp-content\/uploads\/2025\/04\/iStock-Junge-pflegekkraft-2048x1379.jpeg 2048w\" sizes=\"auto, (max-width: 1024px) 100vw, 1024px\" \/><figcaption class=\"wp-element-caption\"><br><br><em>\u201ePflege bedeutet Vertrauen und N\u00e4he \u2013 Tag f\u00fcr Tag.\u201c<\/em><br><\/figcaption><\/figure>\n<\/div>\n\n\n<p class=\"has-text-align-center has-theme-palette-3-color has-text-color has-link-color has-medium-font-size wp-elements-be6e0ce8a5a0beeb337778cce0cf3fe6\" style=\"margin-right:40px;margin-left:40px;padding-top:40px;padding-right:40px;padding-bottom:0px;padding-left:40px\">Unsere Betreuungskr\u00e4fte begleiten den Alltag im vertrauten Zuhause \u2013 mit 24-Stunden-Pflege, die N\u00e4he schafft, Sicherheit gibt und entlastet.<\/p>\n\n\n\n<p class=\"has-text-align-center has-theme-palette-3-color has-text-color has-link-color has-medium-font-size wp-elements-66ad169c44a86e5da14b006ede9fbcbb\" style=\"margin-right:40px;margin-left:40px;padding-top:40px;padding-right:40px;padding-bottom:40px;padding-left:30px\">Ganz gleich, ob vor\u00fcbergehend oder dauerhaft \u2013 wir finden die passende Unterst\u00fctzung f\u00fcr Ihre individuelle Lebenssituation.<\/p>\n\n\n<div class=\"wp-block-image\">\n<figure class=\"aligncenter size-large\"><img loading=\"lazy\" decoding=\"async\" width=\"1024\" height=\"683\" src=\"https:\/\/zeitpflege.com\/web\/wp-content\/uploads\/2025\/04\/iStock-Aelterer-Herr-1024x683.jpeg\" alt=\"\" class=\"wp-image-200\" srcset=\"https:\/\/zeitpflege.com\/wp-content\/uploads\/2025\/04\/iStock-Aelterer-Herr-1024x683.jpeg 1024w, https:\/\/zeitpflege.com\/wp-content\/uploads\/2025\/04\/iStock-Aelterer-Herr-300x200.jpeg 300w, https:\/\/zeitpflege.com\/wp-content\/uploads\/2025\/04\/iStock-Aelterer-Herr-768x512.jpeg 768w, https:\/\/zeitpflege.com\/wp-content\/uploads\/2025\/04\/iStock-Aelterer-Herr-1536x1024.jpeg 1536w, https:\/\/zeitpflege.com\/wp-content\/uploads\/2025\/04\/iStock-Aelterer-Herr-2048x1365.jpeg 2048w\" sizes=\"auto, (max-width: 1024px) 100vw, 1024px\" \/><\/figure>\n<\/div>\n\n\n<p class=\"has-text-align-center has-theme-palette-5-color has-text-color has-link-color has-small-font-size wp-elements-87207bd2f615b1bbbdd8cd96c2a26254\" style=\"margin-top:20px;margin-bottom:20px\"><em>\u201eVerl\u00e4sslichkeit hei\u00dft, da zu sein \u2013 wann immer man gebraucht wird.\u201c<\/em><\/p>\n\n\n\n<p class=\"has-text-align-center has-theme-palette-3-color has-text-color has-link-color has-medium-font-size wp-elements-dfa867fa2a84961def81a7f335508876\" style=\"margin-top:40px;margin-right:40px;margin-bottom:40px;margin-left:40px;padding-top:40px;padding-right:40px;padding-bottom:50px;padding-left:40px\"><strong>Warum ZEITPFLEGE? Weil wir zuh\u00f6ren, verstehen und handeln. Wir glauben an W\u00fcrde, Klarheit und echte N\u00e4he<\/strong> &#8211;<em> jeden Tag.<\/em><\/p>\n\n\n\n<p class=\"has-text-align-center has-theme-palette-3-color has-text-color has-link-color has-large-font-size wp-elements-23a06b85ac316819f5357d82e32d1bfc\" style=\"margin-top:-30px;margin-bottom:-30px;padding-right:60px;padding-bottom:var(--wp--preset--spacing--60);padding-left:60px\"><strong>Lernen Sie uns kennen. <\/strong> <\/p>\n\n\n\n<p class=\"has-text-align-center has-theme-palette-2-color has-text-color has-link-color wp-elements-7119206ce9b392f8b601d1a956b71389\" style=\"padding-top:0px;padding-bottom:var(--wp--preset--spacing--60)\">Vereinbaren Sie ein unverbindliches Gespr\u00e4ch \u2013 wir sind gerne f\u00fcr Sie da.<\/p>\n\n\n\n<div style=\"background-color: #f7f7f7; padding: 40px 20px; text-align: center;\">\n  <p style=\"margin: 0;\">Telefon:<br><a href=\"tel:+4917620764149\" style=\"text-decoration: none; color: inherit;\">+49 176 20764149<\/a><\/p>\n  <p style=\"margin: 20px 0;\">E-Mail:<br><a href=\"mailto:kontakt@zeitpflege.com\" style=\"text-decoration: none; color: inherit;\">kontakt@zeitpflege.com<\/a><\/p>\n  <hr style=\"border: 0; height: 1px; background-color: #dddddd; width: 40%; margin: 40px auto;\">\n  <p style=\"font-style: italic; color: #666; margin-top: 30px;\">\u201eEs sind alle stillen G\u00e4ste, die N\u00e4he sp\u00fcrbar machen.\u201c<\/p>\n<\/div>\n\n\n\n<p><\/p>\n\n\n\n<p><\/p>\n","protected":false},"excerpt":{"rendered":"<p>Herzlich willkommen bei ZEITPFLEGE Gemeinsam stark im Alltag Pflege braucht Zeit und Vertrauen. Wir vermitteln erfahrene, einf\u00fchlsame Pflegekr\u00e4fte aus Polen f\u00fcr die h\u00e4usliche Betreuung: zuverl\u00e4ssig, menschlich und individuell. Unsere Betreuungskr\u00e4fte begleiten den Alltag im vertrauten Zuhause \u2013 mit 24-Stunden-Pflege, die N\u00e4he schafft, Sicherheit gibt und entlastet. Ganz gleich, ob vor\u00fcbergehend oder dauerhaft \u2013 wir finden&#8230;<\/p>\n","protected":false},"author":1,"featured_media":0,"parent":0,"menu_order":0,"comment_status":"closed","ping_status":"closed","template":"","meta":{"_kad_post_transparent":"","_kad_post_title":"","_kad_post_layout":"","_kad_post_sidebar_id":"","_kad_post_content_style":"","_kad_post_vertical_padding":"","_kad_post_feature":"","_kad_post_feature_position":"","_kad_post_header":false,"_kad_post_footer":false,"footnotes":""},"class_list":["post-6","page","type-page","status-publish","hentry"],"yoast_head":"<!-- This site is optimized with the Yoast SEO plugin v25.1 - https:\/\/yoast.com\/wordpress\/plugins\/seo\/ -->\n<title>Startseite - zeitpflege.com<\/title>\n<meta name=\"description\" content=\"ZEITPFLEGE bietet 24-Stunden-Betreuung zu Hause \u2013 pers\u00f6nlich, verl\u00e4sslich und individuell. F\u00fcrsorgliche Pflegekr\u00e4fte aus Polen.\" \/>\n<meta name=\"robots\" content=\"index, follow, max-snippet:-1, max-image-preview:large, max-video-preview:-1\" \/>\n<link rel=\"canonical\" href=\"https:\/\/zeitpflege.com\/\" \/>\n<meta property=\"og:locale\" content=\"de_DE\" \/>\n<meta property=\"og:type\" content=\"article\" \/>\n<meta property=\"og:title\" content=\"Startseite - zeitpflege.com\" \/>\n<meta property=\"og:description\" content=\"ZEITPFLEGE bietet 24-Stunden-Betreuung zu Hause \u2013 pers\u00f6nlich, verl\u00e4sslich und individuell. F\u00fcrsorgliche Pflegekr\u00e4fte aus Polen.\" \/>\n<meta property=\"og:url\" content=\"https:\/\/zeitpflege.com\/\" \/>\n<meta property=\"og:site_name\" content=\"zeitpflege.com\" \/>\n<meta property=\"article:publisher\" content=\"https:\/\/www.facebook.com\/profile.php?id=61572543213609&amp;locale=de_DE\" \/>\n<meta property=\"article:modified_time\" content=\"2025-05-16T21:22:04+00:00\" \/>\n<meta property=\"og:image\" content=\"https:\/\/zeitpflege.com\/wp-content\/uploads\/2025\/04\/iStock-Zeitpflege-HAeNDE-scaled.jpeg\" \/>\n\t<meta property=\"og:image:width\" content=\"2560\" \/>\n\t<meta property=\"og:image:height\" content=\"974\" \/>\n\t<meta property=\"og:image:type\" content=\"image\/jpeg\" \/>\n<meta name=\"twitter:card\" content=\"summary_large_image\" \/>\n<meta name=\"twitter:label1\" content=\"Gesch\u00e4tzte Lesezeit\" \/>\n\t<meta name=\"twitter:data1\" content=\"2\u00a0Minuten\" \/>\n<script type=\"application\/ld+json\" class=\"yoast-schema-graph\">{\"@context\":\"https:\/\/schema.org\",\"@graph\":[{\"@type\":\"WebPage\",\"@id\":\"https:\/\/zeitpflege.com\/\",\"url\":\"https:\/\/zeitpflege.com\/\",\"name\":\"Startseite - zeitpflege.com\",\"isPartOf\":{\"@id\":\"https:\/\/zeitpflege.com\/#website\"},\"primaryImageOfPage\":{\"@id\":\"https:\/\/zeitpflege.com\/#primaryimage\"},\"image\":{\"@id\":\"https:\/\/zeitpflege.com\/#primaryimage\"},\"thumbnailUrl\":\"https:\/\/zeitpflege.com\/web\/wp-content\/uploads\/2025\/04\/iStock-Zeitpflege-HAeNDE-1024x390.jpeg\",\"datePublished\":\"2025-04-10T16:01:38+00:00\",\"dateModified\":\"2025-05-16T21:22:04+00:00\",\"description\":\"ZEITPFLEGE bietet 24-Stunden-Betreuung zu Hause \u2013 pers\u00f6nlich, verl\u00e4sslich und individuell. F\u00fcrsorgliche Pflegekr\u00e4fte aus Polen.\",\"breadcrumb\":{\"@id\":\"https:\/\/zeitpflege.com\/#breadcrumb\"},\"inLanguage\":\"de\",\"potentialAction\":[{\"@type\":\"ReadAction\",\"target\":[\"https:\/\/zeitpflege.com\/\"]}]},{\"@type\":\"ImageObject\",\"inLanguage\":\"de\",\"@id\":\"https:\/\/zeitpflege.com\/#primaryimage\",\"url\":\"https:\/\/zeitpflege.com\/wp-content\/uploads\/2025\/04\/iStock-Zeitpflege-HAeNDE-scaled.jpeg\",\"contentUrl\":\"https:\/\/zeitpflege.com\/wp-content\/uploads\/2025\/04\/iStock-Zeitpflege-HAeNDE-scaled.jpeg\",\"width\":2560,\"height\":974,\"caption\":\"Geriatric doctor or geriatrician concept. Doctor physician hand on happy elderly senior patient to comfort in hospital examination room or hospice nursing home or wellbeing county.\"},{\"@type\":\"BreadcrumbList\",\"@id\":\"https:\/\/zeitpflege.com\/#breadcrumb\",\"itemListElement\":[{\"@type\":\"ListItem\",\"position\":1,\"name\":\"Startseite\",\"item\":\"https:\/\/zeitpflege.com\/\"},{\"@type\":\"ListItem\",\"position\":2,\"name\":\"Startseite\"}]},{\"@type\":\"WebSite\",\"@id\":\"https:\/\/zeitpflege.com\/#website\",\"url\":\"https:\/\/zeitpflege.com\/\",\"name\":\"zeitpflege.com\",\"description\":\"\",\"publisher\":{\"@id\":\"https:\/\/zeitpflege.com\/#organization\"},\"potentialAction\":[{\"@type\":\"SearchAction\",\"target\":{\"@type\":\"EntryPoint\",\"urlTemplate\":\"https:\/\/zeitpflege.com\/?s={search_term_string}\"},\"query-input\":{\"@type\":\"PropertyValueSpecification\",\"valueRequired\":true,\"valueName\":\"search_term_string\"}}],\"inLanguage\":\"de\"},{\"@type\":\"Organization\",\"@id\":\"https:\/\/zeitpflege.com\/#organization\",\"name\":\"ZEITPFLEGE \u2013 Betreuung mit Herz und Verstand\",\"url\":\"https:\/\/zeitpflege.com\/\",\"logo\":{\"@type\":\"ImageObject\",\"inLanguage\":\"de\",\"@id\":\"https:\/\/zeitpflege.com\/#\/schema\/logo\/image\/\",\"url\":\"https:\/\/zeitpflege.com\/wp-content\/uploads\/2025\/04\/cropped-Zeitpflege-Logo-scaled-1.jpg\",\"contentUrl\":\"https:\/\/zeitpflege.com\/wp-content\/uploads\/2025\/04\/cropped-Zeitpflege-Logo-scaled-1.jpg\",\"width\":2559,\"height\":1020,\"caption\":\"ZEITPFLEGE \u2013 Betreuung mit Herz und Verstand\"},\"image\":{\"@id\":\"https:\/\/zeitpflege.com\/#\/schema\/logo\/image\/\"},\"sameAs\":[\"https:\/\/www.facebook.com\/profile.php?id=61572543213609&locale=de_DE\",\"https:\/\/www.instagram.com\/zeit_pflege\/\"]}]}<\/script>\n<!-- \/ Yoast SEO plugin. -->","yoast_head_json":{"title":"Startseite - zeitpflege.com","description":"ZEITPFLEGE bietet 24-Stunden-Betreuung zu Hause \u2013 pers\u00f6nlich, verl\u00e4sslich und individuell. F\u00fcrsorgliche Pflegekr\u00e4fte aus Polen.","robots":{"index":"index","follow":"follow","max-snippet":"max-snippet:-1","max-image-preview":"max-image-preview:large","max-video-preview":"max-video-preview:-1"},"canonical":"https:\/\/zeitpflege.com\/","og_locale":"de_DE","og_type":"article","og_title":"Startseite - zeitpflege.com","og_description":"ZEITPFLEGE bietet 24-Stunden-Betreuung zu Hause \u2013 pers\u00f6nlich, verl\u00e4sslich und individuell. F\u00fcrsorgliche Pflegekr\u00e4fte aus Polen.","og_url":"https:\/\/zeitpflege.com\/","og_site_name":"zeitpflege.com","article_publisher":"https:\/\/www.facebook.com\/profile.php?id=61572543213609&locale=de_DE","article_modified_time":"2025-05-16T21:22:04+00:00","og_image":[{"width":2560,"height":974,"url":"https:\/\/zeitpflege.com\/wp-content\/uploads\/2025\/04\/iStock-Zeitpflege-HAeNDE-scaled.jpeg","type":"image\/jpeg"}],"twitter_card":"summary_large_image","twitter_misc":{"Gesch\u00e4tzte Lesezeit":"2\u00a0Minuten"},"schema":{"@context":"https:\/\/schema.org","@graph":[{"@type":"WebPage","@id":"https:\/\/zeitpflege.com\/","url":"https:\/\/zeitpflege.com\/","name":"Startseite - zeitpflege.com","isPartOf":{"@id":"https:\/\/zeitpflege.com\/#website"},"primaryImageOfPage":{"@id":"https:\/\/zeitpflege.com\/#primaryimage"},"image":{"@id":"https:\/\/zeitpflege.com\/#primaryimage"},"thumbnailUrl":"https:\/\/zeitpflege.com\/web\/wp-content\/uploads\/2025\/04\/iStock-Zeitpflege-HAeNDE-1024x390.jpeg","datePublished":"2025-04-10T16:01:38+00:00","dateModified":"2025-05-16T21:22:04+00:00","description":"ZEITPFLEGE bietet 24-Stunden-Betreuung zu Hause \u2013 pers\u00f6nlich, verl\u00e4sslich und individuell. F\u00fcrsorgliche Pflegekr\u00e4fte aus Polen.","breadcrumb":{"@id":"https:\/\/zeitpflege.com\/#breadcrumb"},"inLanguage":"de","potentialAction":[{"@type":"ReadAction","target":["https:\/\/zeitpflege.com\/"]}]},{"@type":"ImageObject","inLanguage":"de","@id":"https:\/\/zeitpflege.com\/#primaryimage","url":"https:\/\/zeitpflege.com\/wp-content\/uploads\/2025\/04\/iStock-Zeitpflege-HAeNDE-scaled.jpeg","contentUrl":"https:\/\/zeitpflege.com\/wp-content\/uploads\/2025\/04\/iStock-Zeitpflege-HAeNDE-scaled.jpeg","width":2560,"height":974,"caption":"Geriatric doctor or geriatrician concept. Doctor physician hand on happy elderly senior patient to comfort in hospital examination room or hospice nursing home or wellbeing county."},{"@type":"BreadcrumbList","@id":"https:\/\/zeitpflege.com\/#breadcrumb","itemListElement":[{"@type":"ListItem","position":1,"name":"Startseite","item":"https:\/\/zeitpflege.com\/"},{"@type":"ListItem","position":2,"name":"Startseite"}]},{"@type":"WebSite","@id":"https:\/\/zeitpflege.com\/#website","url":"https:\/\/zeitpflege.com\/","name":"zeitpflege.com","description":"","publisher":{"@id":"https:\/\/zeitpflege.com\/#organization"},"potentialAction":[{"@type":"SearchAction","target":{"@type":"EntryPoint","urlTemplate":"https:\/\/zeitpflege.com\/?s={search_term_string}"},"query-input":{"@type":"PropertyValueSpecification","valueRequired":true,"valueName":"search_term_string"}}],"inLanguage":"de"},{"@type":"Organization","@id":"https:\/\/zeitpflege.com\/#organization","name":"ZEITPFLEGE \u2013 Betreuung mit Herz und Verstand","url":"https:\/\/zeitpflege.com\/","logo":{"@type":"ImageObject","inLanguage":"de","@id":"https:\/\/zeitpflege.com\/#\/schema\/logo\/image\/","url":"https:\/\/zeitpflege.com\/wp-content\/uploads\/2025\/04\/cropped-Zeitpflege-Logo-scaled-1.jpg","contentUrl":"https:\/\/zeitpflege.com\/wp-content\/uploads\/2025\/04\/cropped-Zeitpflege-Logo-scaled-1.jpg","width":2559,"height":1020,"caption":"ZEITPFLEGE \u2013 Betreuung mit Herz und Verstand"},"image":{"@id":"https:\/\/zeitpflege.com\/#\/schema\/logo\/image\/"},"sameAs":["https:\/\/www.facebook.com\/profile.php?id=61572543213609&locale=de_DE","https:\/\/www.instagram.com\/zeit_pflege\/"]}]}},"_links":{"self":[{"href":"https:\/\/zeitpflege.com\/index.php?rest_route=\/wp\/v2\/pages\/6","targetHints":{"allow":["GET"]}}],"collection":[{"href":"https:\/\/zeitpflege.com\/index.php?rest_route=\/wp\/v2\/pages"}],"about":[{"href":"https:\/\/zeitpflege.com\/index.php?rest_route=\/wp\/v2\/types\/page"}],"author":[{"embeddable":true,"href":"https:\/\/zeitpflege.com\/index.php?rest_route=\/wp\/v2\/users\/1"}],"replies":[{"embeddable":true,"href":"https:\/\/zeitpflege.com\/index.php?rest_route=%2Fwp%2Fv2%2Fcomments&post=6"}],"version-history":[{"count":10,"href":"https:\/\/zeitpflege.com\/index.php?rest_route=\/wp\/v2\/pages\/6\/revisions"}],"predecessor-version":[{"id":664,"href":"https:\/\/zeitpflege.com\/index.php?rest_route=\/wp\/v2\/pages\/6\/revisions\/664"}],"wp:attachment":[{"href":"https:\/\/zeitpflege.com\/index.php?rest_route=%2Fwp%2Fv2%2Fmedia&parent=6"}],"curies":[{"name":"wp","href":"https:\/\/api.w.org\/{rel}","templated":true}]}}